{"id":1382,"date":"2021-11-14T17:19:17","date_gmt":"2021-11-14T16:19:17","guid":{"rendered":"https:\/\/fripestore.fr\/?page_id=1382"},"modified":"2021-11-25T12:31:00","modified_gmt":"2021-11-25T11:31:00","slug":"livraison","status":"publish","type":"page","link":"https:\/\/fripestore.fr\/en\/livraison\/","title":{"rendered":"Livraison &#038; Retours"},"content":{"rendered":"<div data-elementor-type=\"wp-page\" data-elementor-id=\"1382\" class=\"elementor elementor-1382\" data-elementor-post-type=\"page\">\n\t\t\t\t\t\t<section class=\"elementor-section elementor-top-section elementor-element elementor-element-3fd1cda1 elementor-section-boxed elementor-section-height-default elementor-section-height-default\" data-id=\"3fd1cda1\" data-element_type=\"section\" data-e-type=\"section\">\n\t\t\t\t\t\t<div class=\"elementor-container elementor-column-gap-default\">\n\t\t\t\t\t<div class=\"elementor-column elementor-col-100 elementor-top-column elementor-element elementor-element-26b17608\" data-id=\"26b17608\" data-element_type=\"column\" data-e-type=\"column\">\n\t\t\t<div class=\"elementor-widget-wrap elementor-element-populated\">\n\t\t\t\t\t\t<div class=\"elementor-element elementor-element-464d2b66 elementor-widget elementor-widget-text-editor\" data-id=\"464d2b66\" data-element_type=\"widget\" data-e-type=\"widget\" data-widget_type=\"text-editor.default\">\n\t\t\t\t<div class=\"elementor-widget-container\">\n\t\t\t\t\t\t\t\t\t\n<p><\/p>\n\n\n\n<p><\/p>\n\n\n\n<p><\/p>\n\n\n\n<p><\/p>\n\n\n\n<p><\/p>\n\n\n\n<p><\/p>\n\n\n\n<p><\/p>\n\n\n\n<p><\/p>\n\t\t\t\t\t\t\t\t<\/div>\n\t\t\t\t<\/div>\n\t\t\t\t<div class=\"elementor-element elementor-element-f8580f3 elementor-widget elementor-widget-heading\" data-id=\"f8580f3\" data-element_type=\"widget\" data-e-type=\"widget\" data-widget_type=\"heading.default\">\n\t\t\t\t<div class=\"elementor-widget-container\">\n\t\t\t\t\t<h2 class=\"elementor-heading-title elementor-size-default\">Livraisons &amp; Retours<\/h2>\t\t\t\t<\/div>\n\t\t\t\t<\/div>\n\t\t\t\t\t<\/div>\n\t\t<\/div>\n\t\t\t\t\t<\/div>\n\t\t<\/section>\n\t\t\t\t<section class=\"elementor-section elementor-top-section elementor-element elementor-element-5a498d4 elementor-section-boxed elementor-section-height-default elementor-section-height-default\" data-id=\"5a498d4\" data-element_type=\"section\" data-e-type=\"section\">\n\t\t\t\t\t\t<div class=\"elementor-container elementor-column-gap-default\">\n\t\t\t\t\t<div class=\"elementor-column elementor-col-100 elementor-top-column elementor-element elementor-element-ff92b60\" data-id=\"ff92b60\" data-element_type=\"column\" data-e-type=\"column\">\n\t\t\t<div class=\"elementor-widget-wrap elementor-element-populated\">\n\t\t\t\t\t\t<div class=\"elementor-element elementor-element-fe7abd1 elementor-widget elementor-widget-text-editor\" data-id=\"fe7abd1\" data-element_type=\"widget\" data-e-type=\"widget\" data-widget_type=\"text-editor.default\">\n\t\t\t\t<div class=\"elementor-widget-container\">\n\t\t\t\t\t\t\t\t\t<p><strong style=\"font-size: 1rem;\"><span style=\"text-decoration: underline;\">\u00a0<\/span><\/strong><\/p>\n<p><strong style=\"font-size: 1rem;\"><span style=\"text-decoration: underline;\">Livraisons<\/span><\/strong><\/p>\n<p>Fripe Store vous propose la livraison \u00e0 l&rsquo;international ! \ud83c\udf0f<br \/>Plusieurs choix s&rsquo;offrent \u00e0 vous en fonction de votre adresse de livraison :\u00a0<\/p>\n<p>\u2022 Colissimo -&gt; livraison partout dans le monde \u00e0 domicile. D\u00e9lai moyen en France : 3 jours<\/p>\n<p>\u2022 Mondial Relay -&gt; livraison en point relais. D\u00e9lai moyen en France : 3 \u00e0 4 jours<\/p>\n<p>\u2022 Relais Colis -&gt; livraison en point relais. D\u00e9lai moyen en France : entre 3 et 5 jours.<\/p>\n<p>\u2022 Chronopost -&gt; livraison express en point relais. D\u00e9lai moyen en France : 3 \u00e0 4 jours<\/p>\n<p>En fonction de vos pr\u00e9f\u00e9rences et de votre adresse de livraison, vous pouvez choisir librement le transporteur de votre colis.<\/p>\n<p>\u00a0<\/p>\n<p>\u00a0<\/p>\n<p><strong><span style=\"text-decoration: underline;\">Retours<\/span><\/strong><\/p>\n<div>Pour Fripe Store, il est primordial de vous proposer la possibilit\u00e9 de nous retourner les articles que vous avez achet\u00e9s et qui ne vous conviennent pas. En effet, le but n&rsquo;est pas de vous encourager \u00e0 surconsommer et \u00e0 encombrer inutilement vos armoires de v\u00eatements que vous ne porterez jamais mais plut\u00f4t d&rsquo;aller ensemble vers une consommation responsable et r\u00e9fl\u00e9chie de la mode.\u00a0<\/div>\n<div>\u00a0<\/div>\n<div>Avant votre achat et pour \u00e9viter de faire un retour, sachez que sur chaque article, nous d\u00e9taillons les mesures compl\u00e8tes du v\u00eatement afin que vous puissiez le visualiser et savoir s&rsquo;il vous ira tel que vous le souhaitez.\u00a0<\/div>\n<div>En cas de doute, vous pouvez nous contacter via nos r\u00e9seaux sociaux (Instagram, Facebook, TikTok). On se fera un plaisir de vous r\u00e9pondre et de vous aiguiller !\u00a0<\/div>\n<div>\u00a0<\/div>\n<div>Dans le d\u00e9lai de 30 jours apr\u00e8s avoir pass\u00e9 commande, vous avez la possibilit\u00e9 de faire un retour (dont la livraison est \u00e0 votre charge) afin d&rsquo;obtenir un remboursement.\u00a0<\/div>\n<div>Vous recevrez la somme rembours\u00e9e directement sur le compte de la Carte Bancaire utilis\u00e9e pour l&rsquo;achat.<\/div>\n<div>\u00a0<\/div>\n<div><b>Concr\u00e8tement si vous souhaitez faire un retour, appliquez la\u00a0proc\u00e9dure suivante :\u00a0<\/b><span style=\"font-size: 1rem;\">\u00a0<\/span><\/div>\n<div><span style=\"font-size: 1rem;\">\u00a0<\/span><\/div>\n<div>1- Contactez-nous via nos r\u00e9seaux sociaux, le formulaire de contact du site <a href=\"http:\/\/fripestore.fr\/en\/\" target=\"_blank\" rel=\"noopener\" data-saferedirecturl=\"https:\/\/www.google.com\/url?q=http:\/\/fripestore.fr&amp;source=gmail&amp;ust=1637226161553000&amp;usg=AOvVaw3cM4C9J4-iud-CxQfHCQ3i\">fripestore.fr<\/a> ou par mail \u00e0 l&rsquo;adresse <a href=\"mailto:fripe.storefr@gmail.com\" target=\"_blank\" rel=\"noopener\">fripe.storefr@gmail.com<\/a> afin de nous faire part de votre demande de retour. Communiquez clairement le nom et l&rsquo;adresse mail avec lesquels vous avez pass\u00e9 commande.\u00a0<\/div>\n<div>\u00a0<\/div>\n<div>2- Nous vous enverrons un mail de prise en compte de votre demande avec la marche \u00e0 suivre et quelques pr\u00e9cisions avant d&rsquo;envoyer votre retour.\u00a0<\/div>\n<div>\u00a0<\/div>\n<div>3- V\u00e9rifiez que l&rsquo;article soit dans le m\u00eame \u00e9tat que lorsque vous l&rsquo;avez re\u00e7u et emballez-le proprement dans un carton ou une enveloppe.<\/div>\n<div>\u00a0<\/div>\n<div>4- Rendez-vous en bureau de poste pour affranchir et envoyer votre colis (la livraison est \u00e0 vos frais). L&rsquo;adresse postale du retour vous sera envoy\u00e9e par mail.<\/div>\n<div>\u00a0<\/div>\n<div>5- Une fois le colis envoy\u00e9, informez-nous afin que l&rsquo;on puisse r\u00e9ceptionner le colis et d\u00e9clencher rapidement le remboursement de votre article. Le remboursement sera effectu\u00e9 \u00e0 r\u00e9ception du retour.<\/div>\n<p>\u00a0<\/p>\n<p>\u00a0<\/p>\n<p>\u00a0<\/p>\n<p>\u00a0<\/p>\n<p>\u00a0<\/p>\n<p>\u00a0<\/p>\n<p>\u00a0<\/p>\n<p>\u00a0<\/p>\t\t\t\t\t\t\t\t<\/div>\n\t\t\t\t<\/div>\n\t\t\t\t\t<\/div>\n\t\t<\/div>\n\t\t\t\t\t<\/div>\n\t\t<\/section>\n\t\t\t\t<\/div>","protected":false},"excerpt":{"rendered":"<p>Livraisons &amp; Retours \u00a0 Livraisons Fripe Store vous propose la livraison \u00e0 l&rsquo;international ! \ud83c\udf0fPlusieurs choix s&rsquo;offrent \u00e0 vous en fonction de votre adresse de livraison :\u00a0 \u2022 Colissimo -&gt; livraison partout dans le monde \u00e0 domicile. D\u00e9lai moyen en France : 3 jours \u2022 Mondial Relay -&gt; livraison en point relais. D\u00e9lai moyen en [&hellip;]<\/p>\n","protected":false},"author":1,"featured_media":0,"parent":0,"menu_order":0,"comment_status":"closed","ping_status":"closed","template":"","meta":{"footnotes":""},"class_list":["post-1382","page","type-page","status-publish","hentry"],"yoast_head":"<!-- This site is optimized with the Yoast SEO plugin v27.5 - https:\/\/yoast.com\/product\/yoast-seo-wordpress\/ -->\n<title>Livraison &amp; Retours - Fripe Store<\/title>\n<meta name=\"robots\" content=\"index, follow, max-snippet:-1, max-image-preview:large, max-video-preview:-1\" \/>\n<link rel=\"canonical\" href=\"https:\/\/fripestore.fr\/en\/livraison\/\" \/>\n<meta property=\"og:locale\" content=\"en_GB\" \/>\n<meta property=\"og:type\" content=\"article\" \/>\n<meta property=\"og:title\" content=\"Livraison &amp; Retours - Fripe Store\" \/>\n<meta property=\"og:description\" content=\"Livraisons &amp; Retours \u00a0 Livraisons Fripe Store vous propose la livraison \u00e0 l&rsquo;international ! \ud83c\udf0fPlusieurs choix s&rsquo;offrent \u00e0 vous en fonction de votre adresse de livraison :\u00a0 \u2022 Colissimo -&gt; livraison partout dans le monde \u00e0 domicile. D\u00e9lai moyen en France : 3 jours \u2022 Mondial Relay -&gt; livraison en point relais. D\u00e9lai moyen en [&hellip;]\" \/>\n<meta property=\"og:url\" content=\"https:\/\/fripestore.fr\/en\/livraison\/\" \/>\n<meta property=\"og:site_name\" content=\"Fripe Store\" \/>\n<meta property=\"article:publisher\" content=\"https:\/\/www.facebook.com\/fripestorefr\" \/>\n<meta property=\"article:modified_time\" content=\"2021-11-25T11:31:00+00:00\" \/>\n<meta name=\"twitter:card\" content=\"summary_large_image\" \/>\n<meta name=\"twitter:label1\" content=\"Estimated reading time\" \/>\n\t<meta name=\"twitter:data1\" content=\"2 minutes\" \/>\n<script type=\"application\/ld+json\" class=\"yoast-schema-graph\">{\"@context\":\"https:\\\/\\\/schema.org\",\"@graph\":[{\"@type\":\"WebPage\",\"@id\":\"https:\\\/\\\/fripestore.fr\\\/livraison\\\/\",\"url\":\"https:\\\/\\\/fripestore.fr\\\/livraison\\\/\",\"name\":\"Livraison & Retours - Fripe Store\",\"isPartOf\":{\"@id\":\"https:\\\/\\\/fripestore.fr\\\/#website\"},\"datePublished\":\"2021-11-14T16:19:17+00:00\",\"dateModified\":\"2021-11-25T11:31:00+00:00\",\"breadcrumb\":{\"@id\":\"https:\\\/\\\/fripestore.fr\\\/livraison\\\/#breadcrumb\"},\"inLanguage\":\"en-GB\",\"potentialAction\":[{\"@type\":\"ReadAction\",\"target\":[\"https:\\\/\\\/fripestore.fr\\\/livraison\\\/\"]}]},{\"@type\":\"BreadcrumbList\",\"@id\":\"https:\\\/\\\/fripestore.fr\\\/livraison\\\/#breadcrumb\",\"itemListElement\":[{\"@type\":\"ListItem\",\"position\":1,\"name\":\"Accueil\",\"item\":\"https:\\\/\\\/fripestore.fr\\\/\"},{\"@type\":\"ListItem\",\"position\":2,\"name\":\"Livraison &#038; Retours\"}]},{\"@type\":\"WebSite\",\"@id\":\"https:\\\/\\\/fripestore.fr\\\/#website\",\"url\":\"https:\\\/\\\/fripestore.fr\\\/\",\"name\":\"Fripe Store\",\"description\":\"Friperie en ligne pour Femmes et Hommes \",\"publisher\":{\"@id\":\"https:\\\/\\\/fripestore.fr\\\/#organization\"},\"potentialAction\":[{\"@type\":\"SearchAction\",\"target\":{\"@type\":\"EntryPoint\",\"urlTemplate\":\"https:\\\/\\\/fripestore.fr\\\/?s={search_term_string}\"},\"query-input\":{\"@type\":\"PropertyValueSpecification\",\"valueRequired\":true,\"valueName\":\"search_term_string\"}}],\"inLanguage\":\"en-GB\"},{\"@type\":\"Organization\",\"@id\":\"https:\\\/\\\/fripestore.fr\\\/#organization\",\"name\":\"Fripe Store\",\"url\":\"https:\\\/\\\/fripestore.fr\\\/\",\"logo\":{\"@type\":\"ImageObject\",\"inLanguage\":\"en-GB\",\"@id\":\"https:\\\/\\\/fripestore.fr\\\/#\\\/schema\\\/logo\\\/image\\\/\",\"url\":\"https:\\\/\\\/fripestore.fr\\\/wp-content\\\/uploads\\\/2021\\\/09\\\/cropped-Fichier-2@2x.png\",\"contentUrl\":\"https:\\\/\\\/fripestore.fr\\\/wp-content\\\/uploads\\\/2021\\\/09\\\/cropped-Fichier-2@2x.png\",\"width\":714,\"height\":272,\"caption\":\"Fripe Store\"},\"image\":{\"@id\":\"https:\\\/\\\/fripestore.fr\\\/#\\\/schema\\\/logo\\\/image\\\/\"},\"sameAs\":[\"https:\\\/\\\/www.facebook.com\\\/fripestorefr\",\"https:\\\/\\\/www.instagram.com\\\/fripe_storefr\\\/\"]}]}<\/script>\n<!-- \/ Yoast SEO plugin. -->","yoast_head_json":{"title":"Livraison & Retours - Fripe Store","robots":{"index":"index","follow":"follow","max-snippet":"max-snippet:-1","max-image-preview":"max-image-preview:large","max-video-preview":"max-video-preview:-1"},"canonical":"https:\/\/fripestore.fr\/en\/livraison\/","og_locale":"en_GB","og_type":"article","og_title":"Livraison & Retours - Fripe Store","og_description":"Livraisons &amp; Retours \u00a0 Livraisons Fripe Store vous propose la livraison \u00e0 l&rsquo;international ! \ud83c\udf0fPlusieurs choix s&rsquo;offrent \u00e0 vous en fonction de votre adresse de livraison :\u00a0 \u2022 Colissimo -&gt; livraison partout dans le monde \u00e0 domicile. D\u00e9lai moyen en France : 3 jours \u2022 Mondial Relay -&gt; livraison en point relais. D\u00e9lai moyen en [&hellip;]","og_url":"https:\/\/fripestore.fr\/en\/livraison\/","og_site_name":"Fripe Store","article_publisher":"https:\/\/www.facebook.com\/fripestorefr","article_modified_time":"2021-11-25T11:31:00+00:00","twitter_card":"summary_large_image","twitter_misc":{"Estimated reading time":"2 minutes"},"schema":{"@context":"https:\/\/schema.org","@graph":[{"@type":"WebPage","@id":"https:\/\/fripestore.fr\/livraison\/","url":"https:\/\/fripestore.fr\/livraison\/","name":"Livraison & Retours - Fripe Store","isPartOf":{"@id":"https:\/\/fripestore.fr\/#website"},"datePublished":"2021-11-14T16:19:17+00:00","dateModified":"2021-11-25T11:31:00+00:00","breadcrumb":{"@id":"https:\/\/fripestore.fr\/livraison\/#breadcrumb"},"inLanguage":"en-GB","potentialAction":[{"@type":"ReadAction","target":["https:\/\/fripestore.fr\/livraison\/"]}]},{"@type":"BreadcrumbList","@id":"https:\/\/fripestore.fr\/livraison\/#breadcrumb","itemListElement":[{"@type":"ListItem","position":1,"name":"Accueil","item":"https:\/\/fripestore.fr\/"},{"@type":"ListItem","position":2,"name":"Livraison &#038; Retours"}]},{"@type":"WebSite","@id":"https:\/\/fripestore.fr\/#website","url":"https:\/\/fripestore.fr\/","name":"Fripe Store","description":"Friperie en ligne pour Femmes et Hommes","publisher":{"@id":"https:\/\/fripestore.fr\/#organization"},"potentialAction":[{"@type":"SearchAction","target":{"@type":"EntryPoint","urlTemplate":"https:\/\/fripestore.fr\/?s={search_term_string}"},"query-input":{"@type":"PropertyValueSpecification","valueRequired":true,"valueName":"search_term_string"}}],"inLanguage":"en-GB"},{"@type":"Organization","@id":"https:\/\/fripestore.fr\/#organization","name":"Fripe Store","url":"https:\/\/fripestore.fr\/","logo":{"@type":"ImageObject","inLanguage":"en-GB","@id":"https:\/\/fripestore.fr\/#\/schema\/logo\/image\/","url":"https:\/\/fripestore.fr\/wp-content\/uploads\/2021\/09\/cropped-Fichier-2@2x.png","contentUrl":"https:\/\/fripestore.fr\/wp-content\/uploads\/2021\/09\/cropped-Fichier-2@2x.png","width":714,"height":272,"caption":"Fripe Store"},"image":{"@id":"https:\/\/fripestore.fr\/#\/schema\/logo\/image\/"},"sameAs":["https:\/\/www.facebook.com\/fripestorefr","https:\/\/www.instagram.com\/fripe_storefr\/"]}]}},"jetpack_sharing_enabled":true,"_links":{"self":[{"href":"https:\/\/fripestore.fr\/en\/wp-json\/wp\/v2\/pages\/1382","targetHints":{"allow":["GET"]}}],"collection":[{"href":"https:\/\/fripestore.fr\/en\/wp-json\/wp\/v2\/pages"}],"about":[{"href":"https:\/\/fripestore.fr\/en\/wp-json\/wp\/v2\/types\/page"}],"author":[{"embeddable":true,"href":"https:\/\/fripestore.fr\/en\/wp-json\/wp\/v2\/users\/1"}],"replies":[{"embeddable":true,"href":"https:\/\/fripestore.fr\/en\/wp-json\/wp\/v2\/comments?post=1382"}],"version-history":[{"count":12,"href":"https:\/\/fripestore.fr\/en\/wp-json\/wp\/v2\/pages\/1382\/revisions"}],"predecessor-version":[{"id":2278,"href":"https:\/\/fripestore.fr\/en\/wp-json\/wp\/v2\/pages\/1382\/revisions\/2278"}],"wp:attachment":[{"href":"https:\/\/fripestore.fr\/en\/wp-json\/wp\/v2\/media?parent=1382"}],"curies":[{"name":"wp","href":"https:\/\/api.w.org\/{rel}","templated":true}]}}